{"id":221,"date":"2023-05-27T12:41:30","date_gmt":"2023-05-27T10:41:30","guid":{"rendered":"https:\/\/arutor.de\/?page_id=221"},"modified":"2023-05-27T13:11:00","modified_gmt":"2023-05-27T11:11:00","slug":"drehtoranlagen","status":"publish","type":"page","link":"https:\/\/arutor.de\/index.php\/drehtoranlagen\/","title":{"rendered":"Drehtoranlagen"},"content":{"rendered":"<p>[et_pb_section fb_built=&#8220;1&#8243; _builder_version=&#8220;4.21.0&#8243; _module_preset=&#8220;default&#8220; saved_tabs=&#8220;all&#8220; global_colors_info=&#8220;{}&#8220;][et_pb_row _builder_version=&#8220;4.21.0&#8243; _module_preset=&#8220;default&#8220; global_colors_info=&#8220;{}&#8220;][et_pb_column type=&#8220;4_4&#8243; _builder_version=&#8220;4.21.0&#8243; _module_preset=&#8220;default&#8220; global_colors_info=&#8220;{}&#8220;][et_pb_text _builder_version=&#8220;4.21.0&#8243; _module_preset=&#8220;default&#8220; header_font=&#8220;|700|||||||&#8220; header_text_align=&#8220;left&#8220; header_text_color=&#8220;#515151&#8243; header_text_shadow_style=&#8220;preset2&#8243; header_text_shadow_horizontal_length=&#8220;0.1em&#8220; header_text_shadow_vertical_length=&#8220;0.1em&#8220; header_text_shadow_blur_strength=&#8220;0.1em&#8220; global_colors_info=&#8220;{}&#8220;]<\/p>\n<h1>Drehtoranlagen<\/h1>\n<p>[\/et_pb_text][et_pb_text _builder_version=&#8220;4.21.0&#8243; _module_preset=&#8220;default&#8220; text_font=&#8220;|600|||||||&#8220; text_text_color=&#8220;#515151&#8243; text_font_size=&#8220;20px&#8220; text_line_height=&#8220;2em&#8220; global_colors_info=&#8220;{}&#8220;]<\/p>\n<p>Bei Drehtoren k\u00f6nnen Fl\u00fcgelbreiten bis 7m realisiert werden. Je nach Anforderung und <br \/>Einsatzgebiet k\u00f6nnen verschiedene Systeme zum Einsatz kommen. Jedes Antriebssystem <br \/>verf\u00fcgt \u00fcber eine Notentriegelung bei Stromausfall. Die Automation von Drehtoranlagen <br \/>erfolgt gem\u00e4\u00df den geltenden Richtlinien mit Sicherheitskontaktleisten, Lichtschranken etc.<\/p>\n<p>[\/et_pb_text][et_pb_text _builder_version=&#8220;4.21.0&#8243; _module_preset=&#8220;default&#8220; text_font=&#8220;|600|||||||&#8220; text_text_color=&#8220;#515151&#8243; text_font_size=&#8220;20px&#8220; text_line_height=&#8220;2em&#8220; global_colors_info=&#8220;{}&#8220;]<\/p>\n<p>Die Steuerung kann individuell den W\u00fcnschen angepasst werden: <br \/>&#8211; Funksteuerung <br \/>&#8211; Schl\u00fcsselschalter <br \/>&#8211; Codetastatur <br \/>&#8211; Zutrittskontrolle <br \/>&#8211; Sprechanlage <br \/>&#8211; GSM-Modul<\/p>\n<p>Wir sind f\u00fcr Sie da und beraten Sie gerne.<\/p>\n<p>[\/et_pb_text][\/et_pb_column][\/et_pb_row][et_pb_row _builder_version=&#8220;4.21.0&#8243; _module_preset=&#8220;default&#8220; hover_enabled=&#8220;0&#8243; global_colors_info=&#8220;{}&#8220; sticky_enabled=&#8220;0&#8243;][et_pb_column type=&#8220;4_4&#8243; _builder_version=&#8220;4.21.0&#8243; _module_preset=&#8220;default&#8220; global_colors_info=&#8220;{}&#8220;][et_pb_gallery posts_number=&#8220;50&#8243; _builder_version=&#8220;4.21.0&#8243; _module_preset=&#8220;default&#8220; hover_enabled=&#8220;0&#8243; global_colors_info=&#8220;{}&#8220; gallery_ids=&#8220;60,61,63,62,64,65,66,67,68,69,70,71,72,73,74,75,76,77,78,79,80&#8243; sticky_enabled=&#8220;0&#8243; show_title_and_caption=&#8220;off&#8220; show_pagination=&#8220;off&#8220; border_radii_image=&#8220;on|10px|10px|10px|10px&#8220; box_shadow_style_image=&#8220;preset2&#8243; box_shadow_horizontal_image=&#8220;10px&#8220; box_shadow_vertical_image=&#8220;10px&#8220; box_shadow_blur_image=&#8220;3px&#8220;][\/et_pb_gallery][\/et_pb_column][\/et_pb_row][\/et_pb_section]<\/p>\n","protected":false},"excerpt":{"rendered":"<p>DrehtoranlagenBei Drehtoren k\u00f6nnen Fl\u00fcgelbreiten bis 7m realisiert werden. Je nach Anforderung und Einsatzgebiet k\u00f6nnen verschiedene Systeme zum Einsatz kommen. Jedes Antriebssystem verf\u00fcgt \u00fcber eine Notentriegelung bei Stromausfall. Die Automation von Drehtoranlagen erfolgt gem\u00e4\u00df den geltenden Richtlinien mit Sicherheitskontaktleisten, Lichtschranken etc.Die Steuerung kann individuell den W\u00fcnschen angepasst werden: &#8211; Funksteuerung &#8211; Schl\u00fcsselschalter &#8211; Codetastatur &#8211; Zutrittskontrolle [&hellip;]<\/p>\n","protected":false},"author":1,"featured_media":0,"parent":0,"menu_order":30,"comment_status":"closed","ping_status":"closed","template":"","meta":{"_et_pb_use_builder":"on","_et_pb_old_content":"","_et_gb_content_width":"","footnotes":""},"class_list":["post-221","page","type-page","status-publish","hentry"],"_links":{"self":[{"href":"https:\/\/arutor.de\/index.php\/wp-json\/wp\/v2\/pages\/221","targetHints":{"allow":["GET"]}}],"collection":[{"href":"https:\/\/arutor.de\/index.php\/wp-json\/wp\/v2\/pages"}],"about":[{"href":"https:\/\/arutor.de\/index.php\/wp-json\/wp\/v2\/types\/page"}],"author":[{"embeddable":true,"href":"https:\/\/arutor.de\/index.php\/wp-json\/wp\/v2\/users\/1"}],"replies":[{"embeddable":true,"href":"https:\/\/arutor.de\/index.php\/wp-json\/wp\/v2\/comments?post=221"}],"version-history":[{"count":6,"href":"https:\/\/arutor.de\/index.php\/wp-json\/wp\/v2\/pages\/221\/revisions"}],"predecessor-version":[{"id":258,"href":"https:\/\/arutor.de\/index.php\/wp-json\/wp\/v2\/pages\/221\/revisions\/258"}],"wp:attachment":[{"href":"https:\/\/arutor.de\/index.php\/wp-json\/wp\/v2\/media?parent=221"}],"curies":[{"name":"wp","href":"https:\/\/api.w.org\/{rel}","templated":true}]}}